{"id":294,"date":"2024-11-02T02:55:06","date_gmt":"2024-11-02T02:55:06","guid":{"rendered":"https:\/\/transforma.global\/?page_id=294"},"modified":"2025-05-02T03:36:00","modified_gmt":"2025-05-02T03:36:00","slug":"quienes-somos","status":"publish","type":"page","link":"https:\/\/transforma.global\/en\/quienes-somos","title":{"rendered":"QUI\u00c9NES SOMOS"},"content":{"rendered":"\t\t<div data-elementor-type=\"wp-page\" data-elementor-id=\"294\" class=\"elementor elementor-294\" data-elementor-post-type=\"page\">\n\t\t\t\t<div class=\"elementor-element elementor-element-22d6998 e-con-full e-flex elementor-invisible e-con e-parent\" data-id=\"22d6998\" data-element_type=\"container\" data-e-type=\"container\" data-settings=\"{&quot;background_background&quot;:&quot;classic&quot;,&quot;animation&quot;:&quot;fadeInRight&quot;}\">\n\t\t<div class=\"elementor-element elementor-element-3ea460b e-flex e-con-boxed e-con e-child\" data-id=\"3ea460b\" data-element_type=\"container\" data-e-type=\"container\" data-settings=\"{&quot;background_background&quot;:&quot;gradient&quot;}\">\n\t\t\t\t\t<div class=\"e-con-inner\">\n\t\t<div class=\"elementor-element elementor-element-2871a06 e-con-full e-flex e-con e-child\" data-id=\"2871a06\" data-element_type=\"container\" data-e-type=\"container\">\n\t\t\t\t<div class=\"elementor-element elementor-element-2205f46 elementor-invisible elementor-widget elementor-widget-heading\" data-id=\"2205f46\" data-element_type=\"widget\" data-e-type=\"widget\" data-settings=\"{&quot;_animation&quot;:&quot;fadeIn&quot;,&quot;_animation_delay&quot;:1000}\" data-widget_type=\"heading.default\">\n\t\t\t\t\t<h1 class=\"elementor-heading-title elementor-size-default\">\u00bfQui\u00e9nes somos?<\/h1>\t\t\t\t<\/div>\n\t\t\t\t<div class=\"elementor-element elementor-element-ebb54bc elementor-invisible elementor-widget elementor-widget-text-editor\" data-id=\"ebb54bc\" data-element_type=\"widget\" data-e-type=\"widget\" data-settings=\"{&quot;_animation&quot;:&quot;fadeInLeft&quot;,&quot;_animation_delay&quot;:1100}\" data-widget_type=\"text-editor.default\">\n\t\t\t\t\t\t\t\t\t<p>Somos un centro de pensamiento y acci\u00f3n latinoamericano que promueve la acci\u00f3n clim\u00e1tica con un enfoque de justicia para construir un futuro sostenible y resiliente, visibilizando las vulnerabilidades de Am\u00e9rica Latina frente al cambio clim\u00e1tico.<\/p>\t\t\t\t\t\t\t\t<\/div>\n\t\t\t\t<\/div>\n\t\t\t\t\t<\/div>\n\t\t\t\t<\/div>\n\t\t\t\t<\/div>\n\t\t<div class=\"elementor-element elementor-element-13db1fa e-flex e-con-boxed e-con e-parent\" data-id=\"13db1fa\" data-element_type=\"container\" data-e-type=\"container\">\n\t\t\t\t\t<div class=\"e-con-inner\">\n\t\t\t\t<div class=\"elementor-element elementor-element-abad883 elementor-widget__width-auto elementor-absolute animated-fast elementor-invisible elementor-widget elementor-widget-image\" data-id=\"abad883\" data-element_type=\"widget\" data-e-type=\"widget\" data-settings=\"{&quot;_position&quot;:&quot;absolute&quot;,&quot;motion_fx_motion_fx_scrolling&quot;:&quot;yes&quot;,&quot;motion_fx_translateY_effect&quot;:&quot;yes&quot;,&quot;motion_fx_translateY_direction&quot;:&quot;negative&quot;,&quot;motion_fx_translateY_speed&quot;:{&quot;unit&quot;:&quot;px&quot;,&quot;size&quot;:9.2,&quot;sizes&quot;:[]},&quot;motion_fx_translateY_affectedRange&quot;:{&quot;unit&quot;:&quot;%&quot;,&quot;size&quot;:&quot;&quot;,&quot;sizes&quot;:{&quot;start&quot;:33,&quot;end&quot;:81}},&quot;_animation&quot;:&quot;fadeInLeft&quot;,&quot;_animation_delay&quot;:2000,&quot;motion_fx_translateX_effect&quot;:&quot;yes&quot;,&quot;motion_fx_translateX_speed&quot;:{&quot;unit&quot;:&quot;px&quot;,&quot;size&quot;:0.9,&quot;sizes&quot;:[]},&quot;motion_fx_devices&quot;:[&quot;desktop&quot;],&quot;motion_fx_translateX_affectedRange&quot;:{&quot;unit&quot;:&quot;%&quot;,&quot;size&quot;:&quot;&quot;,&quot;sizes&quot;:{&quot;start&quot;:0,&quot;end&quot;:100}}}\" data-widget_type=\"image.default\">\n\t\t\t\t\t\t\t\t\t\t\t\t\t\t\t<img decoding=\"async\" width=\"139\" height=\"146\" src=\"https:\/\/transforma.global\/wp-content\/uploads\/2024\/11\/avispa-transparente.webp\" class=\"attachment-full size-full wp-image-3025\" alt=\"\" srcset=\"https:\/\/transforma.global\/wp-content\/uploads\/2024\/11\/avispa-transparente.webp 139w, https:\/\/transforma.global\/wp-content\/uploads\/2024\/11\/avispa-transparente-11x12.webp 11w\" sizes=\"(max-width: 139px) 100vw, 139px\" \/>\t\t\t\t\t\t\t\t\t\t\t\t\t\t\t<\/div>\n\t\t\t\t\t<\/div>\n\t\t\t\t<\/div>\n\t\t<div class=\"elementor-element elementor-element-9ca7ee1 e-flex e-con-boxed e-con e-parent\" data-id=\"9ca7ee1\" data-element_type=\"container\" data-e-type=\"container\" data-settings=\"{&quot;background_background&quot;:&quot;classic&quot;,&quot;motion_fx_motion_fx_scrolling&quot;:&quot;yes&quot;,&quot;motion_fx_devices&quot;:[&quot;desktop&quot;,&quot;tablet&quot;,&quot;mobile&quot;]}\">\n\t\t\t\t\t<div class=\"e-con-inner\">\n\t\t<div class=\"elementor-element elementor-element-22e61ef e-con-full e-flex e-con e-child\" data-id=\"22e61ef\" data-element_type=\"container\" data-e-type=\"container\">\n\t\t\t\t<div class=\"elementor-element elementor-element-5a3f81c elementor-widget elementor-widget-heading\" data-id=\"5a3f81c\" data-element_type=\"widget\" data-e-type=\"widget\" data-widget_type=\"heading.default\">\n\t\t\t\t\t<h1 class=\"elementor-heading-title elementor-size-default\">\u00bfQu\u00e9 hacemos y por qu\u00e9?<\/h1>\t\t\t\t<\/div>\n\t\t\t\t<div class=\"elementor-element elementor-element-2e0ceea elementor-widget-divider--view-line elementor-widget elementor-widget-divider\" data-id=\"2e0ceea\" data-element_type=\"widget\" data-e-type=\"widget\" data-widget_type=\"divider.default\">\n\t\t\t\t\t\t\t<div class=\"elementor-divider\">\n\t\t\t<span class=\"elementor-divider-separator\">\n\t\t\t\t\t\t<\/span>\n\t\t<\/div>\n\t\t\t\t\t\t<\/div>\n\t\t\t\t<\/div>\n\t\t<div class=\"elementor-element elementor-element-3887369 e-con-full e-flex e-con e-child\" data-id=\"3887369\" data-element_type=\"container\" data-e-type=\"container\" data-settings=\"{&quot;motion_fx_motion_fx_scrolling&quot;:&quot;yes&quot;,&quot;motion_fx_opacity_effect&quot;:&quot;yes&quot;,&quot;motion_fx_opacity_level&quot;:{&quot;unit&quot;:&quot;px&quot;,&quot;size&quot;:9,&quot;sizes&quot;:[]},&quot;motion_fx_opacity_range&quot;:{&quot;unit&quot;:&quot;%&quot;,&quot;size&quot;:&quot;&quot;,&quot;sizes&quot;:{&quot;start&quot;:0,&quot;end&quot;:50}},&quot;motion_fx_devices&quot;:[&quot;desktop&quot;],&quot;motion_fx_opacity_direction&quot;:&quot;out-in&quot;}\">\n\t\t\t\t<div class=\"elementor-element elementor-element-27bf89c elementor-widget elementor-widget-text-editor\" data-id=\"27bf89c\" data-element_type=\"widget\" data-e-type=\"widget\" data-widget_type=\"text-editor.default\">\n\t\t\t\t\t\t\t\t\t<p>Sabemos que los pa\u00edses de Am\u00e9rica Latina, y en general del Sur Global, tienen un gran potencial de desarrollo. Pero los desaf\u00edos del cambio clim\u00e1tico, agravados por inequidades estructurales, merman su capacidad de construir un futuro sostenible y resiliente.<\/p><p>Por eso, en Transforma trabajamos para contrarrestar la amenaza del cambio clim\u00e1tico, a trav\u00e9s de acciones con enfoque de justicia; encaminadas a transformaciones sist\u00e9micas; sensibles a sinergias entre clima, naturaleza y desarrollo; y cercanas a la realidad espec\u00edfica de Am\u00e9rica Latina.<\/p>\t\t\t\t\t\t\t\t<\/div>\n\t\t\t\t<\/div>\n\t\t\t\t\t<\/div>\n\t\t\t\t<\/div>\n\t\t<div class=\"elementor-element elementor-element-8407264 e-flex e-con-boxed e-con e-parent\" data-id=\"8407264\" data-element_type=\"container\" data-e-type=\"container\" data-settings=\"{&quot;background_background&quot;:&quot;classic&quot;,&quot;motion_fx_motion_fx_scrolling&quot;:&quot;yes&quot;,&quot;motion_fx_devices&quot;:[&quot;desktop&quot;,&quot;tablet&quot;,&quot;mobile&quot;]}\">\n\t\t\t\t\t<div class=\"e-con-inner\">\n\t\t<div class=\"elementor-element elementor-element-81e7028 e-con-full e-flex e-con e-child\" data-id=\"81e7028\" data-element_type=\"container\" data-e-type=\"container\">\n\t\t\t\t<div class=\"elementor-element elementor-element-afd0855 elementor-widget elementor-widget-heading\" data-id=\"afd0855\" data-element_type=\"widget\" data-e-type=\"widget\" data-widget_type=\"heading.default\">\n\t\t\t\t\t<h1 class=\"elementor-heading-title elementor-size-default\">\u00bfC\u00f3mo lo hacemos?<\/h1>\t\t\t\t<\/div>\n\t\t\t\t<div class=\"elementor-element elementor-element-9f4fef6 elementor-widget-divider--view-line elementor-widget elementor-widget-divider\" data-id=\"9f4fef6\" data-element_type=\"widget\" data-e-type=\"widget\" data-widget_type=\"divider.default\">\n\t\t\t\t\t\t\t<div class=\"elementor-divider\">\n\t\t\t<span class=\"elementor-divider-separator\">\n\t\t\t\t\t\t<\/span>\n\t\t<\/div>\n\t\t\t\t\t\t<\/div>\n\t\t\t\t<\/div>\n\t\t<div class=\"elementor-element elementor-element-568e44c e-con-full e-flex e-con e-child\" data-id=\"568e44c\" data-element_type=\"container\" data-e-type=\"container\" data-settings=\"{&quot;motion_fx_motion_fx_scrolling&quot;:&quot;yes&quot;,&quot;motion_fx_opacity_effect&quot;:&quot;yes&quot;,&quot;motion_fx_opacity_level&quot;:{&quot;unit&quot;:&quot;px&quot;,&quot;size&quot;:9,&quot;sizes&quot;:[]},&quot;motion_fx_opacity_range&quot;:{&quot;unit&quot;:&quot;%&quot;,&quot;size&quot;:&quot;&quot;,&quot;sizes&quot;:{&quot;start&quot;:0,&quot;end&quot;:50}},&quot;motion_fx_devices&quot;:[&quot;desktop&quot;],&quot;motion_fx_opacity_direction&quot;:&quot;out-in&quot;}\">\n\t\t\t\t<div class=\"elementor-element elementor-element-d4b9183 elementor-widget elementor-widget-text-editor\" data-id=\"d4b9183\" data-element_type=\"widget\" data-e-type=\"widget\" data-widget_type=\"text-editor.default\">\n\t\t\t\t\t\t\t\t\t<p>En Transforma analizamos los desaf\u00edos y las oportunidades del cambio clim\u00e1tico en Am\u00e9rica Latina; habilitamos soluciones junto con gobiernos, empresas, y comunidades; y conectamos todos estos actores para amplificar el impacto a trav\u00e9s de la acci\u00f3n colectiva.<\/p>\t\t\t\t\t\t\t\t<\/div>\n\t\t\t\t<\/div>\n\t\t\t\t\t<\/div>\n\t\t\t\t<\/div>\n\t\t<div class=\"elementor-element elementor-element-47be6a8 e-flex e-con-boxed e-con e-parent\" data-id=\"47be6a8\" data-element_type=\"container\" data-e-type=\"container\" data-settings=\"{&quot;background_background&quot;:&quot;classic&quot;}\">\n\t\t\t\t\t<div class=\"e-con-inner\">\n\t\t\t\t<div class=\"elementor-element elementor-element-d82568f elementor-widget__width-auto elementor-absolute elementor-widget elementor-widget-image\" data-id=\"d82568f\" data-element_type=\"widget\" data-e-type=\"widget\" data-settings=\"{&quot;_position&quot;:&quot;absolute&quot;,&quot;motion_fx_motion_fx_scrolling&quot;:&quot;yes&quot;,&quot;motion_fx_opacity_effect&quot;:&quot;yes&quot;,&quot;motion_fx_opacity_range&quot;:{&quot;unit&quot;:&quot;%&quot;,&quot;size&quot;:&quot;&quot;,&quot;sizes&quot;:{&quot;start&quot;:30,&quot;end&quot;:58}},&quot;motion_fx_devices&quot;:[&quot;desktop&quot;],&quot;motion_fx_opacity_direction&quot;:&quot;out-in&quot;,&quot;motion_fx_opacity_level&quot;:{&quot;unit&quot;:&quot;px&quot;,&quot;size&quot;:10,&quot;sizes&quot;:[]}}\" data-widget_type=\"image.default\">\n\t\t\t\t\t\t\t\t\t\t\t\t\t\t\t<img fetchpriority=\"high\" decoding=\"async\" width=\"297\" height=\"311\" src=\"https:\/\/transforma.global\/wp-content\/uploads\/2024\/11\/pajaro.webp\" class=\"attachment-full size-full wp-image-3068\" alt=\"\" srcset=\"https:\/\/transforma.global\/wp-content\/uploads\/2024\/11\/pajaro.webp 297w, https:\/\/transforma.global\/wp-content\/uploads\/2024\/11\/pajaro-286x300.webp 286w, https:\/\/transforma.global\/wp-content\/uploads\/2024\/11\/pajaro-11x12.webp 11w\" sizes=\"(max-width: 297px) 100vw, 297px\" \/>\t\t\t\t\t\t\t\t\t\t\t\t\t\t\t<\/div>\n\t\t\t\t<div class=\"elementor-element elementor-element-b330500 elementor-pagination-position-inside elementor-widget__width-inherit elementor-widget elementor-widget-image-carousel\" data-id=\"b330500\" data-element_type=\"widget\" data-e-type=\"widget\" data-settings=\"{&quot;slides_to_show&quot;:&quot;1&quot;,&quot;navigation&quot;:&quot;dots&quot;,&quot;autoplay&quot;:&quot;yes&quot;,&quot;pause_on_hover&quot;:&quot;yes&quot;,&quot;pause_on_interaction&quot;:&quot;yes&quot;,&quot;autoplay_speed&quot;:5000,&quot;infinite&quot;:&quot;yes&quot;,&quot;effect&quot;:&quot;slide&quot;,&quot;speed&quot;:500}\" data-widget_type=\"image-carousel.default\">\n\t\t\t\t\t\t\t<div class=\"elementor-image-carousel-wrapper swiper\" role=\"region\" aria-roledescription=\"carousel\" aria-label=\"Image Carousel\" dir=\"ltr\">\n\t\t\t<div class=\"elementor-image-carousel swiper-wrapper\" aria-live=\"off\">\n\t\t\t\t\t\t\t\t<div class=\"swiper-slide\" role=\"group\" aria-roledescription=\"slide\" aria-label=\"1 of 4\"><figure class=\"swiper-slide-inner\"><img decoding=\"async\" class=\"swiper-slide-image\" src=\"https:\/\/transforma.global\/wp-content\/uploads\/2024\/11\/grupo_01.webp\" alt=\"grupo_01\" \/><\/figure><\/div><div class=\"swiper-slide\" role=\"group\" aria-roledescription=\"slide\" aria-label=\"2 of 4\"><figure class=\"swiper-slide-inner\"><img decoding=\"async\" class=\"swiper-slide-image\" src=\"https:\/\/transforma.global\/wp-content\/uploads\/2024\/11\/grupo_02_v2.webp\" alt=\"grupo_02_v2\" \/><\/figure><\/div><div class=\"swiper-slide\" role=\"group\" aria-roledescription=\"slide\" aria-label=\"3 of 4\"><figure class=\"swiper-slide-inner\"><img decoding=\"async\" class=\"swiper-slide-image\" src=\"https:\/\/transforma.global\/wp-content\/uploads\/2024\/11\/grupo_TR.webp\" alt=\"grupo_TR\" \/><\/figure><\/div><div class=\"swiper-slide\" role=\"group\" aria-roledescription=\"slide\" aria-label=\"4 of 4\"><figure class=\"swiper-slide-inner\"><img decoding=\"async\" class=\"swiper-slide-image\" src=\"https:\/\/transforma.global\/wp-content\/uploads\/2024\/11\/grupo_03_v3.webp\" alt=\"grupo_03_v3\" \/><\/figure><\/div>\t\t\t<\/div>\n\t\t\t\t\t\t\t\n\t\t\t\t\t\t\t\t\t<div class=\"swiper-pagination\"><\/div>\n\t\t\t\t\t\t\t\t\t<\/div>\n\t\t\t\t\t\t<\/div>\n\t\t\t\t\t<\/div>\n\t\t\t\t<\/div>\n\t\t<div class=\"elementor-element elementor-element-41b287f e-flex e-con-boxed e-con e-parent\" data-id=\"41b287f\" data-element_type=\"container\" data-e-type=\"container\" data-settings=\"{&quot;background_background&quot;:&quot;classic&quot;,&quot;motion_fx_motion_fx_scrolling&quot;:&quot;yes&quot;,&quot;motion_fx_devices&quot;:[&quot;desktop&quot;,&quot;tablet&quot;,&quot;mobile&quot;]}\">\n\t\t\t\t\t<div class=\"e-con-inner\">\n\t\t<div class=\"elementor-element elementor-element-3b52493 e-con-full e-flex e-con e-child\" data-id=\"3b52493\" data-element_type=\"container\" data-e-type=\"container\">\n\t\t\t\t<div class=\"elementor-element elementor-element-c060d12 elementor-widget elementor-widget-heading\" data-id=\"c060d12\" data-element_type=\"widget\" data-e-type=\"widget\" data-widget_type=\"heading.default\">\n\t\t\t\t\t<h1 class=\"elementor-heading-title elementor-size-default\">Misi\u00f3n<\/h1>\t\t\t\t<\/div>\n\t\t\t\t<div class=\"elementor-element elementor-element-6481f61 elementor-widget-divider--view-line elementor-widget elementor-widget-divider\" data-id=\"6481f61\" data-element_type=\"widget\" data-e-type=\"widget\" data-widget_type=\"divider.default\">\n\t\t\t\t\t\t\t<div class=\"elementor-divider\">\n\t\t\t<span class=\"elementor-divider-separator\">\n\t\t\t\t\t\t<\/span>\n\t\t<\/div>\n\t\t\t\t\t\t<\/div>\n\t\t\t\t<div class=\"elementor-element elementor-element-cdcc956 elementor-widget elementor-widget-text-editor\" data-id=\"cdcc956\" data-element_type=\"widget\" data-e-type=\"widget\" data-widget_type=\"text-editor.default\">\n\t\t\t\t\t\t\t\t\t<p>Promovemos la acci\u00f3n clim\u00e1tica en Colombia y Am\u00e9rica Latina con un enfoque de justicia.<\/p>\t\t\t\t\t\t\t\t<\/div>\n\t\t\t\t<\/div>\n\t\t<div class=\"elementor-element elementor-element-82928de e-con-full e-flex e-con e-child\" data-id=\"82928de\" data-element_type=\"container\" data-e-type=\"container\">\n\t\t\t\t<div class=\"elementor-element elementor-element-66fd015 elementor-widget elementor-widget-heading\" data-id=\"66fd015\" data-element_type=\"widget\" data-e-type=\"widget\" data-widget_type=\"heading.default\">\n\t\t\t\t\t<h1 class=\"elementor-heading-title elementor-size-default\">Visi\u00f3n<\/h1>\t\t\t\t<\/div>\n\t\t\t\t<div class=\"elementor-element elementor-element-90176f7 elementor-widget-divider--view-line elementor-widget elementor-widget-divider\" data-id=\"90176f7\" data-element_type=\"widget\" data-e-type=\"widget\" data-widget_type=\"divider.default\">\n\t\t\t\t\t\t\t<div class=\"elementor-divider\">\n\t\t\t<span class=\"elementor-divider-separator\">\n\t\t\t\t\t\t<\/span>\n\t\t<\/div>\n\t\t\t\t\t\t<\/div>\n\t\t\t\t<div class=\"elementor-element elementor-element-e20ef2e elementor-widget elementor-widget-text-editor\" data-id=\"e20ef2e\" data-element_type=\"widget\" data-e-type=\"widget\" data-widget_type=\"text-editor.default\">\n\t\t\t\t\t\t\t\t\t<p>Trabajamos para construir un futuro justo y sostenible, visibilizando las vulnerabilidades de Am\u00e9rica Latina frente al cambio clim\u00e1tico. Creemos en una transformaci\u00f3n social y ambiental que asegure resiliencia y equidad para todos y todas.<\/p>\t\t\t\t\t\t\t\t<\/div>\n\t\t\t\t<\/div>\n\t\t\t\t\t<\/div>\n\t\t\t\t<\/div>\n\t\t<div class=\"elementor-element elementor-element-3c91ba7 e-flex e-con-boxed e-con e-parent\" data-id=\"3c91ba7\" data-element_type=\"container\" data-e-type=\"container\" data-settings=\"{&quot;background_background&quot;:&quot;classic&quot;,&quot;motion_fx_motion_fx_scrolling&quot;:&quot;yes&quot;,&quot;motion_fx_devices&quot;:[&quot;desktop&quot;,&quot;tablet&quot;,&quot;mobile&quot;]}\">\n\t\t\t\t\t<div class=\"e-con-inner\">\n\t\t\t\t<div class=\"elementor-element elementor-element-e7039b0 elementor-widget__width-auto elementor-absolute elementor-invisible elementor-widget elementor-widget-image\" data-id=\"e7039b0\" data-element_type=\"widget\" data-e-type=\"widget\" data-settings=\"{&quot;_position&quot;:&quot;absolute&quot;,&quot;_animation&quot;:&quot;fadeInRight&quot;,&quot;_animation_delay&quot;:1500,&quot;motion_fx_motion_fx_scrolling&quot;:&quot;yes&quot;,&quot;motion_fx_translateX_effect&quot;:&quot;yes&quot;,&quot;motion_fx_translateX_speed&quot;:{&quot;unit&quot;:&quot;px&quot;,&quot;size&quot;:10,&quot;sizes&quot;:[]},&quot;motion_fx_translateX_affectedRange&quot;:{&quot;unit&quot;:&quot;%&quot;,&quot;size&quot;:&quot;&quot;,&quot;sizes&quot;:{&quot;start&quot;:48,&quot;end&quot;:100}},&quot;motion_fx_devices&quot;:[&quot;desktop&quot;,&quot;tablet&quot;,&quot;mobile&quot;]}\" data-widget_type=\"image.default\">\n\t\t\t\t\t\t\t\t\t\t\t\t\t\t\t<img decoding=\"async\" width=\"820\" height=\"695\" src=\"https:\/\/transforma.global\/wp-content\/uploads\/2024\/11\/quienes-somos-tortuga_v2.webp\" class=\"attachment-full size-full wp-image-5704\" alt=\"\" srcset=\"https:\/\/transforma.global\/wp-content\/uploads\/2024\/11\/quienes-somos-tortuga_v2.webp 820w, https:\/\/transforma.global\/wp-content\/uploads\/2024\/11\/quienes-somos-tortuga_v2-300x254.webp 300w, https:\/\/transforma.global\/wp-content\/uploads\/2024\/11\/quienes-somos-tortuga_v2-768x651.webp 768w, https:\/\/transforma.global\/wp-content\/uploads\/2024\/11\/quienes-somos-tortuga_v2-14x12.webp 14w\" sizes=\"(max-width: 820px) 100vw, 820px\" \/>\t\t\t\t\t\t\t\t\t\t\t\t\t\t\t<\/div>\n\t\t<div class=\"elementor-element elementor-element-f3adbf1 e-con-full e-flex e-con e-child\" data-id=\"f3adbf1\" data-element_type=\"container\" data-e-type=\"container\">\n\t\t\t\t<div class=\"elementor-element elementor-element-d80ec82 elementor-widget elementor-widget-heading\" data-id=\"d80ec82\" data-element_type=\"widget\" data-e-type=\"widget\" data-widget_type=\"heading.default\">\n\t\t\t\t\t<h1 class=\"elementor-heading-title elementor-size-default\">Nuestra historia<\/h1>\t\t\t\t<\/div>\n\t\t\t\t<div class=\"elementor-element elementor-element-a35f2f4 elementor-widget-divider--view-line elementor-widget elementor-widget-divider\" data-id=\"a35f2f4\" data-element_type=\"widget\" data-e-type=\"widget\" data-widget_type=\"divider.default\">\n\t\t\t\t\t\t\t<div class=\"elementor-divider\">\n\t\t\t<span class=\"elementor-divider-separator\">\n\t\t\t\t\t\t<\/span>\n\t\t<\/div>\n\t\t\t\t\t\t<\/div>\n\t\t\t\t<div class=\"elementor-element elementor-element-25df983 elementor-widget elementor-widget-text-editor\" data-id=\"25df983\" data-element_type=\"widget\" data-e-type=\"widget\" data-widget_type=\"text-editor.default\">\n\t\t\t\t\t\t\t\t\t<p>En 2017, Andrea Guerrero, Mar\u00eda Laura Rojas e Isabel Cavelier, tres mujeres visionarias y l\u00edderes en temas ambientales, fundaron Transforma con el deseo de contribuir a que todas las formas de vida en el planeta prosperen con equidad, justicia y resiliencia. Su objetivo fue desarrollar proyectos que reflejaran su pasi\u00f3n y experiencia, al tiempo que apoyaban las ideas de profesionales de diferentes campos.<\/p><p>Lo que comenz\u00f3 como un sue\u00f1o se ha convertido en una organizaci\u00f3n multidisciplinaria con la capacidad de impulsar cambios reales. A lo largo de su trayectoria, Transforma ha mantenido su compromiso con los valores del cuidado, liderazgo y aprendizaje, reflejando el esp\u00edritu de sus fundadoras: cuidar de nuestro planeta al tiempo que cuidamos de nuestro equipo. Este enfoque ha permitido un crecimiento sostenido, posicionando a Transforma como l\u00edder en acci\u00f3n clim\u00e1tica en la regi\u00f3n.<\/p>\t\t\t\t\t\t\t\t<\/div>\n\t\t\t\t<\/div>\n\t\t<div class=\"elementor-element elementor-element-9d36905 e-con-full e-flex e-con e-child\" data-id=\"9d36905\" data-element_type=\"container\" data-e-type=\"container\" data-settings=\"{&quot;motion_fx_motion_fx_scrolling&quot;:&quot;yes&quot;,&quot;motion_fx_opacity_effect&quot;:&quot;yes&quot;,&quot;motion_fx_opacity_level&quot;:{&quot;unit&quot;:&quot;px&quot;,&quot;size&quot;:9,&quot;sizes&quot;:[]},&quot;motion_fx_opacity_range&quot;:{&quot;unit&quot;:&quot;%&quot;,&quot;size&quot;:&quot;&quot;,&quot;sizes&quot;:{&quot;start&quot;:0,&quot;end&quot;:50}},&quot;motion_fx_devices&quot;:[&quot;desktop&quot;],&quot;motion_fx_opacity_direction&quot;:&quot;out-in&quot;}\">\n\t\t\t\t<div class=\"elementor-element elementor-element-9bd9569 elementor-widget elementor-widget-image\" data-id=\"9bd9569\" data-element_type=\"widget\" data-e-type=\"widget\" data-widget_type=\"image.default\">\n\t\t\t\t\t\t\t\t\t\t\t\t\t\t\t<img loading=\"lazy\" decoding=\"async\" width=\"595\" height=\"351\" src=\"https:\/\/transforma.global\/wp-content\/uploads\/2024\/11\/Fot_seccion_Historia.webp\" class=\"attachment-large size-large wp-image-3303\" alt=\"\" srcset=\"https:\/\/transforma.global\/wp-content\/uploads\/2024\/11\/Fot_seccion_Historia.webp 595w, https:\/\/transforma.global\/wp-content\/uploads\/2024\/11\/Fot_seccion_Historia-300x177.webp 300w, https:\/\/transforma.global\/wp-content\/uploads\/2024\/11\/Fot_seccion_Historia-18x12.webp 18w\" sizes=\"(max-width: 595px) 100vw, 595px\" \/>\t\t\t\t\t\t\t\t\t\t\t\t\t\t\t<\/div>\n\t\t\t\t<\/div>\n\t\t\t\t\t<\/div>\n\t\t\t\t<\/div>\n\t\t\t\t<\/div>\n\t\t","protected":false},"excerpt":{"rendered":"<p>\u00bfQui\u00e9nes somos? Somos un centro de pensamiento y acci\u00f3n latinoamericano que promueve la acci\u00f3n clim\u00e1tica con un enfoque de justicia para construir un futuro sostenible y resiliente, visibilizando las vulnerabilidades de Am\u00e9rica Latina frente al cambio clim\u00e1tico. \u00bfQu\u00e9 hacemos y por qu\u00e9? Sabemos que los pa\u00edses de Am\u00e9rica Latina, y en general del Sur Global, [&hellip;]<\/p>\n","protected":false},"author":1,"featured_media":0,"parent":0,"menu_order":0,"comment_status":"closed","ping_status":"closed","template":"","meta":{"footnotes":""},"class_list":["post-294","page","type-page","status-publish","hentry"],"_links":{"self":[{"href":"https:\/\/transforma.global\/en\/wp-json\/wp\/v2\/pages\/294","targetHints":{"allow":["GET"]}}],"collection":[{"href":"https:\/\/transforma.global\/en\/wp-json\/wp\/v2\/pages"}],"about":[{"href":"https:\/\/transforma.global\/en\/wp-json\/wp\/v2\/types\/page"}],"author":[{"embeddable":true,"href":"https:\/\/transforma.global\/en\/wp-json\/wp\/v2\/users\/1"}],"replies":[{"embeddable":true,"href":"https:\/\/transforma.global\/en\/wp-json\/wp\/v2\/comments?post=294"}],"version-history":[{"count":680,"href":"https:\/\/transforma.global\/en\/wp-json\/wp\/v2\/pages\/294\/revisions"}],"predecessor-version":[{"id":17581,"href":"https:\/\/transforma.global\/en\/wp-json\/wp\/v2\/pages\/294\/revisions\/17581"}],"wp:attachment":[{"href":"https:\/\/transforma.global\/en\/wp-json\/wp\/v2\/media?parent=294"}],"curies":[{"name":"wp","href":"https:\/\/api.w.org\/{rel}","templated":true}]}}