{"id":21840,"date":"2025-11-18T23:06:18","date_gmt":"2025-11-18T23:06:18","guid":{"rendered":"https:\/\/transforma.global\/?page_id=21840"},"modified":"2025-11-19T14:01:06","modified_gmt":"2025-11-19T14:01:06","slug":"asi-fue-el-dia-8-de-la-cop30","status":"publish","type":"page","link":"https:\/\/transforma.global\/en\/1-5-grados\/asi-fue-el-dia-8-de-la-cop30","title":{"rendered":"As\u00ed fue el d\u00eda 8 de la COP30"},"content":{"rendered":"<div data-elementor-type=\"wp-page\" data-elementor-id=\"21840\" class=\"elementor elementor-21840\" data-elementor-post-type=\"page\">\n\t\t\t\t<div class=\"elementor-element elementor-element-6b43686d e-flex e-con-boxed e-con e-parent\" data-id=\"6b43686d\" data-element_type=\"container\" data-e-type=\"container\">\n\t\t\t\t\t<div class=\"e-con-inner\">\n\t\t<div class=\"elementor-element elementor-element-123bfbed e-con-full e-flex e-con e-child\" data-id=\"123bfbed\" data-element_type=\"container\" data-e-type=\"container\">\n\t\t\t\t<div class=\"elementor-element elementor-element-7b186cd5 elementor-align-left elementor-widget__width-auto elementor-widget elementor-widget-button\" data-id=\"7b186cd5\" data-element_type=\"widget\" data-e-type=\"widget\" data-widget_type=\"button.default\">\n\t\t\t\t\t\t\t\t\t\t<a class=\"elementor-button elementor-button-link elementor-size-sm\" href=\"https:\/\/transforma.global\/1-5-grados\">\n\t\t\t\t\t\t<span class=\"elementor-button-content-wrapper\">\n\t\t\t\t\t\t\t\t\t<span class=\"elementor-button-text\">1,5 Grados<\/span>\n\t\t\t\t\t<\/span>\n\t\t\t\t\t<\/a>\n\t\t\t\t\t\t\t\t<\/div>\n\t\t\t\t<div class=\"elementor-element elementor-element-64fe451c elementor-widget__width-auto elementor-widget elementor-widget-heading\" data-id=\"64fe451c\" data-element_type=\"widget\" data-e-type=\"widget\" data-widget_type=\"heading.default\">\n\t\t\t\t\t<h2 class=\"elementor-heading-title elementor-size-default\">|<\/h2>\t\t\t\t<\/div>\n\t\t\t\t<div class=\"elementor-element elementor-element-7df1ecd1 elementor-widget__width-auto elementor-widget elementor-widget-heading\" data-id=\"7df1ecd1\" data-element_type=\"widget\" data-e-type=\"widget\" data-widget_type=\"heading.default\">\n\t\t\t\t\t<h2 class=\"elementor-heading-title elementor-size-default\">COP30<\/h2>\t\t\t\t<\/div>\n\t\t<div class=\"elementor-element elementor-element-5be0d929 e-con-full e-flex e-con e-child\" data-id=\"5be0d929\" data-element_type=\"container\" data-e-type=\"container\">\n\t\t\t\t<div class=\"elementor-element elementor-element-313394e2 elementor-widget elementor-widget-heading\" data-id=\"313394e2\" data-element_type=\"widget\" data-e-type=\"widget\" data-widget_type=\"heading.default\">\n\t\t\t\t\t<h1 class=\"elementor-heading-title elementor-size-default\">As\u00ed fue el d\u00eda 8 de la COP30<\/h1>\t\t\t\t<\/div>\n\t\t\t\t<div class=\"elementor-element elementor-element-3b6432c1 elementor-widget-divider--view-line elementor-widget elementor-widget-divider\" data-id=\"3b6432c1\" data-element_type=\"widget\" data-e-type=\"widget\" data-widget_type=\"divider.default\">\n\t\t\t\t\t\t\t<div class=\"elementor-divider\">\n\t\t\t<span class=\"elementor-divider-separator\">\n\t\t\t\t\t\t<\/span>\n\t\t<\/div>\n\t\t\t\t\t\t<\/div>\n\t\t\t\t<div class=\"elementor-element elementor-element-673fe174 elementor-widget elementor-widget-text-editor\" data-id=\"673fe174\" data-element_type=\"widget\" data-e-type=\"widget\" data-widget_type=\"text-editor.default\">\n\t\t\t\t\t\t\t\t\t<p>Voces j\u00f3venes se escucharon durante el octavo d\u00eda de la COP30 en Bel\u00e9m. La activista clim\u00e1tica Vanessa Nakate exige una transici\u00f3n justa fuera de los combustibles f\u00f3siles.<\/p><p>Se present\u00f3 el primer borrador de la Decisi\u00f3n del Mutir\u00e3o con propuestas para acelerar la implementaci\u00f3n del objetivo de 1.5\u00b0C. Contin\u00faan las negociaciones sobre mercados de carbono del Art\u00edculo 6 y financiamiento triplicado para adaptaci\u00f3n. <\/p>\t\t\t\t\t\t\t\t<\/div>\n\t\t\t\t<div class=\"elementor-element elementor-element-41a68721 elementor-widget elementor-widget-text-editor\" data-id=\"41a68721\" data-element_type=\"widget\" data-e-type=\"widget\" data-widget_type=\"text-editor.default\">\n\t\t\t\t\t\t\t\t\t<p>Listen here:<\/p>\t\t\t\t\t\t\t\t<\/div>\n\t\t\t\t<div class=\"elementor-element elementor-element-3cb286c3 elementor-widget elementor-widget-html\" data-id=\"3cb286c3\" data-element_type=\"widget\" data-e-type=\"widget\" data-widget_type=\"html.default\">\n\t\t\t\t\t<iframe data-testid=\"embed-iframe\" style=\"border-radius:12px\" src=\"https:\/\/open.spotify.com\/embed\/episode\/2PSKXNlaKXofGceM8g0C3H?utm_source=generator&theme=0\" width=\"100%\" height=\"152\" frameborder=\"0\" allowfullscreen=\"\" allow=\"autoplay; clipboard-write; encrypted-media; fullscreen; picture-in-picture\" loading=\"lazy\"><\/iframe>\t\t\t\t<\/div>\n\t\t\t\t<\/div>\n\t\t\t\t<\/div>\n\t\t<div class=\"elementor-element elementor-element-4130888d e-con-full elementor-hidden-tablet elementor-hidden-mobile e-flex e-con e-child\" data-id=\"4130888d\" data-element_type=\"container\" data-e-type=\"container\" data-settings=\"{&quot;background_background&quot;:&quot;classic&quot;}\">\n\t\t\t\t<\/div>\n\t\t\t\t\t<\/div>\n\t\t\t\t<\/div>\n\t\t<div class=\"elementor-element elementor-element-77347bf3 e-flex e-con-boxed e-con e-child\" data-id=\"77347bf3\" data-element_type=\"container\" data-e-type=\"container\">\n\t\t\t\t\t<div class=\"e-con-inner\">\n\t\t<div class=\"elementor-element elementor-element-3cfa7663 e-con-full e-flex e-con e-child\" data-id=\"3cfa7663\" data-element_type=\"container\" data-e-type=\"container\">\n\t\t\t\t<div class=\"elementor-element elementor-element-3602703b elementor-widget__width-initial elementor-widget-tablet__width-auto elementor-widget-mobile__width-inherit elementor-widget elementor-widget-heading\" data-id=\"3602703b\" data-element_type=\"widget\" data-e-type=\"widget\" data-widget_type=\"heading.default\">\n\t\t\t\t\t<h1 class=\"elementor-heading-title elementor-size-default\">Listen here:<\/h1>\t\t\t\t<\/div>\n\t\t<a class=\"elementor-element elementor-element-6344b27b e-con-full e-flex e-con e-child\" data-id=\"6344b27b\" data-element_type=\"container\" data-e-type=\"container\" href=\"https:\/\/podcasts.apple.com\/es\/podcast\/as%C3%AD-fue-el-d%C3%ADa-8-de-la-cop30\/id1591306701?i=1000737374983\" target=\"_blank\" rel=\"noopener\">\n\t\t\t\t<div class=\"elementor-element elementor-element-27d03fa5 elementor-view-default elementor-widget elementor-widget-icon\" data-id=\"27d03fa5\" data-element_type=\"widget\" data-e-type=\"widget\" data-widget_type=\"icon.default\">\n\t\t\t\t\t\t\t<div class=\"elementor-icon-wrapper\">\n\t\t\t<div class=\"elementor-icon\">\n\t\t\t<svg xmlns=\"http:\/\/www.w3.org\/2000\/svg\" id=\"uuid-2662c97e-b827-49c9-a182-4abb3c834077\" viewbox=\"0 0 86.6124 95.2482\"><path d=\"m52.2194,57.1382c-1.848-1.948-5.092-3.202-8.924-3.202s-7.077,1.25-8.926,3.202c-.947.951-1.527,2.208-1.633,3.545-.314,2.876-.138,5.357.198,9.317.319,3.774.93,8.81,1.726,13.935.567,3.646,1.028,5.617,1.446,7.028.677,2.283,3.217,4.285,7.188,4.285s6.506-1.996,7.188-4.285c.418-1.41.88-3.376,1.446-7.028.798-5.125,1.408-10.157,1.727-13.935.335-3.96.511-6.439.197-9.317-.105-1.337-.684-2.594-1.633-3.545Zm-18.994-17.363c0,5.568,4.513,10.08,10.08,10.08s10.08-4.512,10.08-10.08-4.513-10.08-10.08-10.08c-5.567,0-10.08,4.513-10.08,10.08ZM43.1784.0002C19.6084.0652.2944,19.1862.0034,42.7562c-.237,19.092,11.95,35.427,28.97,41.41.305.106.637-.053.743-.359.031-.086.04-.182.028-.275-.226-1.483-.435-2.968-.628-4.436-.065-.517-.398-.961-.874-1.172-13.894-6.064-22.827-19.833-22.696-34.993C5.7454,22.4252,22.4904,5.7062,42.9984,5.5412c20.963-.17,38.077,16.838,38.077,37.763-.017,15.027-8.927,28.618-22.701,34.625-.476.21-.809.654-.875,1.172-.194,1.48-.403,2.958-.626,4.432-.049.315.166.61.481.658.096.016.193.007.282-.028,16.856-5.927,28.976-22.007,28.976-40.864C86.6124,19.3852,67.1174-.0668,43.1784.0002Zm-.78,19.869c12.966-.499,23.88,9.608,24.378,22.574.011.291.017.584.017.875.003,6.483-2.684,12.675-7.419,17.103-.386.363-.592.878-.567,1.41.088,1.61.056,3.178-.049,4.943-.017.315.223.585.539.602.125.009.249-.028.352-.094,7.931-5.4,12.679-14.373,12.681-23.966-.015-16.038-13.027-29.025-29.063-29.01-.364,0-.73.008-1.094.023-15.349.593-27.667,13.248-27.86,28.613-.122,9.728,4.64,18.87,12.681,24.347.258.177.61.112.787-.146.072-.105.106-.233.098-.36-.117-1.646-.134-3.299-.051-4.95.029-.531-.178-1.047-.567-1.41-4.898-4.576-7.595-11.036-7.407-17.735.374-12.342,10.211-22.298,22.544-22.819Z\"><\/path><\/svg>\t\t\t<\/div>\n\t\t<\/div>\n\t\t\t\t\t\t<\/div>\n\t\t\t\t<div class=\"elementor-element elementor-element-106f4267 elementor-widget elementor-widget-heading\" data-id=\"106f4267\" data-element_type=\"widget\" data-e-type=\"widget\" data-widget_type=\"heading.default\">\n\t\t\t\t\t<h2 class=\"elementor-heading-title elementor-size-default\">Apple Podcasts<\/h2>\t\t\t\t<\/div>\n\t\t\t\t<\/a>\n\t\t<a class=\"elementor-element elementor-element-5aa2ff80 e-con-full e-flex e-con e-child\" data-id=\"5aa2ff80\" data-element_type=\"container\" data-e-type=\"container\" href=\"https:\/\/link.deezer.com\/s\/31EhERO5ZNoearPArkVw0\" target=\"_blank\" rel=\"noopener\">\n\t\t\t\t<div class=\"elementor-element elementor-element-510ef1fe elementor-view-default elementor-widget elementor-widget-icon\" data-id=\"510ef1fe\" data-element_type=\"widget\" data-e-type=\"widget\" data-widget_type=\"icon.default\">\n\t\t\t\t\t\t\t<div class=\"elementor-icon-wrapper\">\n\t\t\t<div class=\"elementor-icon\">\n\t\t\t<svg xmlns=\"http:\/\/www.w3.org\/2000\/svg\" id=\"a\" viewbox=\"0 0 50.9574 48\"><defs><style>.b{fill-rule:evenodd;}<\/style><\/defs><path class=\"b\" d=\"M41.0955,7.3231c.4441-2.574,1.0957-4.1926,1.8175-4.1957h.0016c1.346.0046,2.4371,5.618,2.4371,12.5485s-1.0927,12.5484-2.4402,12.5484c-.5524,0-1.0621-.9539-1.4726-2.5524-.6486,5.8514-1.9946,9.874-3.5527,9.874-1.2056,0-2.2876-2.4163-3.014-6.2271-.496,7.2474-1.7443,12.3892-3.2033,12.3892-.9156,0-1.7504-2.0375-2.3684-5.3551-.7432,6.8485-2.46,11.6471-4.4623,11.6471s-3.722-4.7971-4.4622-11.6471c-.6135,3.3176-1.4482,5.3551-2.3685,5.3551-1.4589,0-2.7042-5.1418-3.2032-12.3892-.7264,3.8108-1.8053,6.2271-3.014,6.2271-1.5566,0-2.9041-4.021-3.5527-9.874-.4075,1.6032-.9202,2.5524-1.4727,2.5524-1.3475,0-2.4402-5.618-2.4402-12.5484S5.4174,3.1274,6.765,3.1274c.7234,0,1.3704,1.6232,1.8191,4.1957.7188-4.4384,1.8862-7.3231,3.2063-7.3231,1.5673,0,2.9255,4.0798,3.568,10.0038.6287-4.3116,1.5825-7.0603,2.6508-7.0603,1.497,0,2.7698,5.4062,3.2414,12.9473.8866-3.8665,2.17-6.292,3.5908-6.292s2.7042,2.4271,3.5893,6.292c.4731-7.5412,1.7443-12.9473,3.2414-12.9473,1.0667,0,2.019,2.7487,2.6508,7.0603.6409-5.9241,1.9991-10.0038,3.5664-10.0038,1.3155,0,2.4875,2.8863,3.2063,7.3231ZM.8379,14.4417c0-3.0981.6196-5.6103,1.3841-5.6103s1.3842,2.5122,1.3842,5.6103-.6196,5.6102-1.3842,5.6102-1.3841-2.5122-1.3841-5.6102ZM46.0693,14.4417c0-3.0981.6195-5.6103,1.3841-5.6103s1.3842,2.5122,1.3842,5.6103-.6196,5.6102-1.3842,5.6102-1.3841-2.5122-1.3841-5.6102Z\"><\/path><\/svg>\t\t\t<\/div>\n\t\t<\/div>\n\t\t\t\t\t\t<\/div>\n\t\t\t\t<div class=\"elementor-element elementor-element-12785725 elementor-widget elementor-widget-heading\" data-id=\"12785725\" data-element_type=\"widget\" data-e-type=\"widget\" data-widget_type=\"heading.default\">\n\t\t\t\t\t<h2 class=\"elementor-heading-title elementor-size-default\">deezer<\/h2>\t\t\t\t<\/div>\n\t\t\t\t<\/a>\n\t\t<a class=\"elementor-element elementor-element-65e85139 e-con-full e-flex e-con e-child\" data-id=\"65e85139\" data-element_type=\"container\" data-e-type=\"container\" href=\"https:\/\/open.spotify.com\/episode\/2PSKXNlaKXofGceM8g0C3H?si=swe1_UPuRICkgkFjdIJCFw\" target=\"_blank\" rel=\"noopener\">\n\t\t\t\t<div class=\"elementor-element elementor-element-48a7b929 elementor-view-default elementor-widget elementor-widget-icon\" data-id=\"48a7b929\" data-element_type=\"widget\" data-e-type=\"widget\" data-widget_type=\"icon.default\">\n\t\t\t\t\t\t\t<div class=\"elementor-icon-wrapper\">\n\t\t\t<div class=\"elementor-icon\">\n\t\t\t<svg xmlns=\"http:\/\/www.w3.org\/2000\/svg\" id=\"uuid-68e3e834-2f78-4cdb-9b79-94959795fdf5\" viewbox=\"0 0 90.312 90.312\"><path d=\"m45.158,0h-.004C20.217.001,0,20.217,0,45.155s20.217,45.157,45.156,45.157,45.154-20.214,45.156-45.153v-.007h0C90.309,20.215,70.094.001,45.158,0Zm20.707,65.131c-.001.001-.001.002-.002.003-.81,1.326-2.542,1.744-3.867.933-10.604-6.482-23.951-7.945-39.668-4.354-1.515.346-3.024-.602-3.37-2.117,0-.002-.001-.003-.001-.005-.065-.287-.084-.574-.061-.853-.033-1.31.849-2.507,2.179-2.81,17.201-3.932,31.956-2.239,43.858,5.033.877.536,1.344,1.473,1.334,2.432.055.587-.071,1.197-.402,1.738Zm5.526-12.296c-1.021,1.657-3.188,2.177-4.843,1.159-12.135-7.459-30.64-9.62-44.996-5.262-1.862.563-3.828-.487-4.394-2.345-.119-.394-.164-.792-.147-1.18-.061-1.564.929-3.032,2.494-3.507,16.4-4.978,36.788-2.567,50.726,5.998,1.071.659,1.654,1.802,1.663,2.972.07.732-.089,1.491-.503,2.165Zm6.263-14.28c-1.191,2.007-3.785,2.669-5.787,1.477-14.556-8.644-38.565-9.439-52.46-5.222-2.231.677-4.591-.583-5.267-2.814-.142-.467-.198-.94-.179-1.402-.055-1.858,1.128-3.597,2.994-4.164,15.95-4.842,42.466-3.907,59.223,6.04,1.302.773,2.021,2.138,2.049,3.547.079.856-.101,1.743-.573,2.538Z\"><\/path><\/svg>\t\t\t<\/div>\n\t\t<\/div>\n\t\t\t\t\t\t<\/div>\n\t\t\t\t<div class=\"elementor-element elementor-element-77c2e521 elementor-widget elementor-widget-heading\" data-id=\"77c2e521\" data-element_type=\"widget\" data-e-type=\"widget\" data-widget_type=\"heading.default\">\n\t\t\t\t\t<h2 class=\"elementor-heading-title elementor-size-default\">Spotify<\/h2>\t\t\t\t<\/div>\n\t\t\t\t<\/a>\n\t\t<a class=\"elementor-element elementor-element-6c47aff9 e-con-full e-flex e-con e-child\" data-id=\"6c47aff9\" data-element_type=\"container\" data-e-type=\"container\" href=\"https:\/\/www.spreaker.com\/episode\/asi-fue-el-dia-8-de-la-cop30--68635604\" target=\"_blank\" rel=\"noopener\">\n\t\t\t\t<div class=\"elementor-element elementor-element-63150b9c elementor-view-default elementor-widget elementor-widget-icon\" data-id=\"63150b9c\" data-element_type=\"widget\" data-e-type=\"widget\" data-widget_type=\"icon.default\">\n\t\t\t\t\t\t\t<div class=\"elementor-icon-wrapper\">\n\t\t\t<div class=\"elementor-icon\">\n\t\t\t<svg xmlns=\"http:\/\/www.w3.org\/2000\/svg\" id=\"uuid-32f9b5fa-d911-4b3b-b40b-2c618dc4f6c8\" viewbox=\"0 0 80.7817 83.6994\"><path d=\"m80.7807,41.9439c-8.816,3.825-17.629,7.658-26.452,11.466-1.26.544-1.513,1.543-1.613,2.764-.674,8.254-1.385,16.504-2.091,24.756-.081.948.205,2.283-.719,2.667-1.193.495-1.743-.926-2.391-1.646-5.365-5.965-10.7-11.956-15.975-18-1.32-1.513-2.669-1.932-4.65-1.441-7.96,1.973-15.957,3.801-23.942,5.671-.817.192-1.652.312-2.753-.039,2.477-2.195,4.945-4.399,7.432-6.582,6.494-5.699,13.021-11.36,19.484-17.094,2.487-2.207,2.491-2.355-.103-4.588C18.3227,32.4009,9.5837,24.9849.8737,17.5369c-.375-.321-.982-.507-.857-1.555,2.912.617,5.794,1.224,8.675,1.837,6.038,1.285,12.086,2.528,18.108,3.885,1.87.421,3.054-.062,4.31-1.566,5.366-6.428,10.888-12.727,16.353-19.073.398-.463.755-1.173,1.414-1.051.89.165.773,1.093.842,1.748.855,8.061,1.797,16.116,2.446,24.194.215,2.68,1.276,4.098,3.706,5.081,8.339,3.372,16.612,6.906,24.911,10.378-.001.177-.001.353-.001.529Z\"><\/path><\/svg>\t\t\t<\/div>\n\t\t<\/div>\n\t\t\t\t\t\t<\/div>\n\t\t\t\t<div class=\"elementor-element elementor-element-64ab5773 elementor-widget elementor-widget-heading\" data-id=\"64ab5773\" data-element_type=\"widget\" data-e-type=\"widget\" data-widget_type=\"heading.default\">\n\t\t\t\t\t<h2 class=\"elementor-heading-title elementor-size-default\">Spreaker<\/h2>\t\t\t\t<\/div>\n\t\t\t\t<\/a>\n\t\t\t\t<\/div>\n\t\t\t\t\t<\/div>\n\t\t\t\t<\/div>\n\t\t\t\t<\/div>","protected":false},"excerpt":{"rendered":"<p>1,5 Grados | COP30 As\u00ed fue el d\u00eda 8 de la COP30 Voces j\u00f3venes se escucharon durante el octavo d\u00eda de la COP30 en Bel\u00e9m. La activista clim\u00e1tica Vanessa Nakate exige una transici\u00f3n justa fuera de los combustibles f\u00f3siles. Se present\u00f3 el primer borrador de la Decisi\u00f3n del Mutir\u00e3o con propuestas para acelerar la implementaci\u00f3n [&hellip;]<\/p>\n","protected":false},"author":5,"featured_media":21837,"parent":312,"menu_order":0,"comment_status":"closed","ping_status":"closed","template":"","meta":{"footnotes":""},"class_list":["post-21840","page","type-page","status-publish","has-post-thumbnail","hentry"],"_links":{"self":[{"href":"https:\/\/transforma.global\/en\/wp-json\/wp\/v2\/pages\/21840","targetHints":{"allow":["GET"]}}],"collection":[{"href":"https:\/\/transforma.global\/en\/wp-json\/wp\/v2\/pages"}],"about":[{"href":"https:\/\/transforma.global\/en\/wp-json\/wp\/v2\/types\/page"}],"author":[{"embeddable":true,"href":"https:\/\/transforma.global\/en\/wp-json\/wp\/v2\/users\/5"}],"replies":[{"embeddable":true,"href":"https:\/\/transforma.global\/en\/wp-json\/wp\/v2\/comments?post=21840"}],"version-history":[{"count":10,"href":"https:\/\/transforma.global\/en\/wp-json\/wp\/v2\/pages\/21840\/revisions"}],"predecessor-version":[{"id":21868,"href":"https:\/\/transforma.global\/en\/wp-json\/wp\/v2\/pages\/21840\/revisions\/21868"}],"up":[{"embeddable":true,"href":"https:\/\/transforma.global\/en\/wp-json\/wp\/v2\/pages\/312"}],"wp:featuredmedia":[{"embeddable":true,"href":"https:\/\/transforma.global\/en\/wp-json\/wp\/v2\/media\/21837"}],"wp:attachment":[{"href":"https:\/\/transforma.global\/en\/wp-json\/wp\/v2\/media?parent=21840"}],"curies":[{"name":"wp","href":"https:\/\/api.w.org\/{rel}","templated":true}]}}